{"id":4000,"date":"2021-04-06T00:09:26","date_gmt":"2021-04-06T00:09:26","guid":{"rendered":"https:\/\/essentials.pixfort.com\/company-elementor\/?page_id=4000"},"modified":"2024-02-05T16:01:29","modified_gmt":"2024-02-05T15:01:29","slug":"karrier","status":"publish","type":"page","link":"https:\/\/hilk.hu\/de\/karrier\/","title":{"rendered":"Karriere"},"content":{"rendered":"<div data-elementor-type=\"wp-page\" data-elementor-id=\"4000\" class=\"elementor elementor-4000\">\n\t\t\t\t\t\t<section class=\"pix-elementor-divider elementor-section elementor-top-section elementor-element elementor-element-e2cc11d elementor-section-boxed elementor-section-height-default elementor-section-height-default\" data-id=\"e2cc11d\" data-element_type=\"section\" data-e-type=\"section\" data-settings=\"{&quot;background_background&quot;:&quot;classic&quot;}\">\n\t\t\t\t\t\t<div class=\"elementor-container elementor-column-gap-default\">\n\t\t\t\t\t<div class=\"elementor-column elementor-col-100 elementor-top-column elementor-element elementor-element-e9ac238\" data-id=\"e9ac238\" data-element_type=\"column\" data-e-type=\"column\">\n\t\t\t<div class=\"elementor-widget-wrap elementor-element-populated\">\n\t\t\t\t\t\t<div class=\"elementor-element elementor-element-b1d7253 elementor-widget elementor-widget-pix-highlighted-text\" data-id=\"b1d7253\" data-element_type=\"widget\" data-e-type=\"widget\" data-widget_type=\"pix-highlighted-text.default\">\n\t\t\t\t<div class=\"elementor-widget-container\">\n\t\t\t\t\t<div id=\"el-b1d7253\" class=\"pix-highlighted-element text-center\"><h3 class=\"pix-highlighted-items\" style=\"\" data-anim-type=\"\" data-anim-delay=\"\"><span id=\"el-b1d7253-0\" class=\"elementor-repeater-item-d38df35\"><span class=\"pix-highlighted-text pix-highlight-item font-weight-normal  heading-font text-black\">Jelenlegi nyitott <\/span><\/span><span id=\"el-b1d7253-1\" class=\"pix-highlight-bg align-middle2   elementor-repeater-item-b2f5606 el-b1d7253-1 animate-in\" data-anim-type=\"highlight-grow\" data-anim-delay=\"200\"><span class=\"pix-highlighted-text  pix-highlight-item font-weight-normal  heading-font text-black\">poz\u00edci\u00f3ink<\/span><\/span><\/h3><\/div>\t\t\t\t<\/div>\n\t\t\t\t<\/div>\n\t\t\t\t<div class=\"elementor-element elementor-element-0ffd9ea elementor-widget elementor-widget-pix-text\" data-id=\"0ffd9ea\" data-element_type=\"widget\" data-e-type=\"widget\" data-widget_type=\"pix-text.default\">\n\t\t\t\t<div class=\"elementor-widget-container\">\n\t\t\t\t\t<div class=\"pix-el-text w-100 text-center\" ><p class=\"text-20 resp-option text-dark-opacity-5 text-center\" >Folyamatosan fejl\u0151d\u0151 v\u00e1llalkoz\u00e1sunk egyre magasabb sz\u00ednvonalon k\u00e9pes eleget tenni a piaci elv\u00e1r\u00e1soknak. Megrendel\u0151ink k\u00f6r\u00e9be tartozik az orsz\u00e1g t\u00f6bb vezet\u0151 v\u00e1llalkoz\u00e1sa is. C\u00e9lunk, hogy a megrendel\u0151i ig\u00e9nyeket magas szint\u0171 ig\u00e9nyess\u00e9ggel el\u00e9g\u00edts\u00fck ki, illetve, hogy az piaci helyzet\u00fcnket tov\u00e1bb er\u0151s\u00edts\u00fck.<\/p><\/div>\t\t\t\t<\/div>\n\t\t\t\t<\/div>\n\t\t\t\t<div class=\"elementor-element elementor-element-7d66ae2 elementor-widget__width-auto elementor-widget elementor-widget-pix-button\" data-id=\"7d66ae2\" data-element_type=\"widget\" data-e-type=\"widget\" data-widget_type=\"pix-button.default\">\n\t\t\t\t<div class=\"elementor-widget-container\">\n\t\t\t\t\t<a  href=\"mailto:info@hilk.hu\" class=\"btn m-0     shadow-sm btn-secondary d-inline-flex align-items-center pix-hover-item       btn-lg\"     ><svg class=\"pixfort-icon font-weight-bold  pix-hover-left  mr-2\" width=\"24\" height=\"24\"  data-name=\"Line\/pixfort-icon-file-edit-1\" viewbox=\"2 2 20 20\"><path fill=\"none\" stroke=\"var(--pf-icon-color)\" stroke-linecap=\"round\" stroke-linejoin=\"round\" stroke-width=\"var(--pf-icon-stroke-width)\" d=\"M5,11.5 L5,5 C5,3.8954305 5.8954305,3 7,3 L12.8727869,3 C14.9175556,4.48800639 17.4920457,6.76866015 19,8.65347855 L19,19 C19,20.1045695 18.1045695,21 17,21 L13,21 M12.6586405,3 L12.5665066,6.3715119 C12.5226946,7.9747483 13.7868579,9.30994479 15.3900943,9.35375673 C15.5249374,9.35744162 15.6598734,9.35172666 15.793922,9.33665338 L19,8.97614154 L19,8.97614154 M3.41856139,14.6956522 L3.39565217,14.7185614 C3.01145409,15.1027595 3.01145409,15.7256676 3.39565217,16.1098657 L7.83889083,20.5531044 C7.98220832,20.6964219 8.16629318,20.7919766 8.36597742,20.8267043 L9.77106781,21.0710678 L9.77106781,21.0710678 L9.52670427,19.6659774 C9.49197657,19.4662932 9.39642188,19.2822083 9.25310439,19.1388908 L4.80986574,14.6956522 C4.42566765,14.3114541 3.80275948,14.3114541 3.41856139,14.6956522 Z M5.45399483,15.3397813 L4.03978127,16.7539948\"\/><\/svg><span class=\"font-weight-bold\" >K\u00fcldje el jelentkez\u00e9s\u00e9t!<\/span><\/a>\t\t\t\t<\/div>\n\t\t\t\t<\/div>\n\t\t\t\t\t<\/div>\n\t\t<\/div>\n\t\t\t\t\t<\/div>\n\t\t<\/section>\n\t\t<div class=\"pix-divider  position-relative pix-bottom-divider elementor-element elementor-element-e2cc11d\" data-style=\"style-8\" ><svg xmlns=\"http:\/\/www.w3.org\/2000\/svg\" width=\"100%\" height=\"300px\" viewbox=\"0 0 1200 366\" preserveaspectratio=\"none\"><g class=\"animate-in\" data-anim-type=\"fade-in-up\" data-anim-delay=\"300\"><polygon fill=\"url(#divider-pix-accordion-197034-bottom-overlay-layer-3)\" points=\"0 240 1200 0 1200 366 0 366\" \/><\/g><polygon fill=\"#FFFFFF00\"  points=\"0 300 1200 60 1200 366 0 366\" \/><polygon fill=\"#ffffff\" points=\"0 360 1200 120 1200 366 0 366\"\/><defs><lineargradient id=\"divider-pix-accordion-197034-bottom-overlay-layer-3\" x1=\"0%\" y1=\"0%\" x2=\"100%\" y2=\"0%\"><stop offset=\"0%\"   stop-color=\"#00000014\"\/><stop offset=\"100%\"   stop-color=\"#FFFFFF03\"\/><\/lineargradient><\/defs><\/svg><\/div>\t\t<section class=\"elementor-section elementor-top-section elementor-element elementor-element-db357f7 elementor-section-boxed elementor-section-height-default elementor-section-height-default\" data-id=\"db357f7\" data-element_type=\"section\" data-e-type=\"section\" data-settings=\"{&quot;background_background&quot;:&quot;classic&quot;}\">\n\t\t\t\t\t\t<div class=\"elementor-container elementor-column-gap-default\">\n\t\t\t\t\t<div class=\"elementor-column elementor-col-50 elementor-top-column elementor-element elementor-element-cbcbda1\" data-id=\"cbcbda1\" data-element_type=\"column\" data-e-type=\"column\">\n\t\t\t<div class=\"elementor-widget-wrap elementor-element-populated\">\n\t\t\t\t\t\t<div class=\"elementor-element elementor-element-d677b40 elementor-widget elementor-widget-pix-heading\" data-id=\"d677b40\" data-element_type=\"widget\" data-e-type=\"widget\" data-widget_type=\"pix-heading.default\">\n\t\t\t\t<div class=\"elementor-widget-container\">\n\t\t\t\t\t<div  class=\"pix-heading-el text-left\"><h3 class=\"text-heading-default font-weight-bold h3 heading-text el-title_custom_color mb-12\" style=\"\" data-anim-type=\"\" data-anim-delay=\"\">Rakt\u00e1ros<\/h3><\/div>\t\t\t\t<\/div>\n\t\t\t\t<\/div>\n\t\t\t\t<div class=\"elementor-element elementor-element-d4391d6 elementor-widget elementor-widget-pix-text\" data-id=\"d4391d6\" data-element_type=\"widget\" data-e-type=\"widget\" data-widget_type=\"pix-text.default\">\n\t\t\t\t<div class=\"elementor-widget-container\">\n\t\t\t\t\t<div class=\"pix-el-text w-100 text-left\" ><p class=\"text-18 resp-option text-black text-left\" >F\u00e9nyk\u00e9pes \u00f6n\u00e9letrajzokat fizet\u00e9si ig\u00e9ny megjel\u00f6l\u00e9s\u00e9vel az al\u00e1bbi e-mail c\u00edmre k\u00e9rj\u00fck:<\/p><\/div>\t\t\t\t<\/div>\n\t\t\t\t<\/div>\n\t\t\t\t<div class=\"elementor-element elementor-element-d73e704 elementor-widget__width-auto elementor-widget elementor-widget-pix-button\" data-id=\"d73e704\" data-element_type=\"widget\" data-e-type=\"widget\" data-widget_type=\"pix-button.default\">\n\t\t\t\t<div class=\"elementor-widget-container\">\n\t\t\t\t\t<a  href=\"mailto:info@hilk.hu\" class=\"btn m-0     shadow-sm btn-secondary d-inline-flex align-items-center pix-hover-item       btn-lg\"     ><svg class=\"pixfort-icon font-weight-bold  pix-hover-left  mr-2\" width=\"24\" height=\"24\"  data-name=\"Line\/pixfort-icon-mail-closed-3\" viewbox=\"2 2 20 20\"><path fill=\"none\" stroke=\"var(--pf-icon-color)\" stroke-linecap=\"round\" stroke-linejoin=\"round\" stroke-width=\"var(--pf-icon-stroke-width)\" d=\"M5,5 L19,5 C20.1045695,5 21,5.8954305 21,7 L21,17 C21,18.1045695 20.1045695,19 19,19 L5,19 C3.8954305,19 3,18.1045695 3,17 L3,7 C3,5.8954305 3.8954305,5 5,5 Z M9.5,10.9995761 L3.59082089,18.4037252 M14.5,10.9995761 L20.4003124,18.3914607 M3.30149167,5.98779765 L10.7448982,11.9882141 C11.4774541,12.5787556 12.5225812,12.5787994 13.2551866,11.9883193 L20.7,5.98779765 L20.7,5.98779765\"\/><\/svg><span class=\"font-weight-bold\" >info@hilk.hu<\/span><\/a>\t\t\t\t<\/div>\n\t\t\t\t<\/div>\n\t\t\t\t\t<\/div>\n\t\t<\/div>\n\t\t\t\t<div class=\"elementor-column elementor-col-50 elementor-top-column elementor-element elementor-element-1b9d521\" data-id=\"1b9d521\" data-element_type=\"column\" data-e-type=\"column\">\n\t\t\t<div class=\"elementor-widget-wrap elementor-element-populated\">\n\t\t\t\t\t\t<div class=\"elementor-element elementor-element-18077d2 elementor-widget elementor-widget-pix-accordion\" data-id=\"18077d2\" data-element_type=\"widget\" data-e-type=\"widget\" data-widget_type=\"pix-accordion.default\">\n\t\t\t\t<div class=\"elementor-widget-container\">\n\t\t\t\t\t<div class=\"accordion w-100 accordion-card bg-white2 rounded-lg2\" id=\"accordion-18077d2\"><div class=\"card\">\n               <div class=\"card-header pix-mb-10 shadow-sm rounded-lg bg-custom\" id=\"headingpix-tab-18077d2-a4718a3\" style=\"background:#F8F9FA\">\n                   <button class=\"btn btn-link d-flex text-left\" type=\"button\" data-toggle=\"collapse\" data-target=\"#collapsepix-tab-18077d2-a4718a3\" aria-expanded=\"true\" aria-controls=\"collapsepix-tab-18077d2-a4718a3\"><span class=\"d-inline-flex align-self-center text-primary svg-202 text-20 pix-mr-10\"><svg class=\"pixfort-icon\" width=\"24\" height=\"24\"  data-name=\"Line\/pixfort-icon-browser-list-1\" viewbox=\"2 2 20 20\"><path fill=\"none\" stroke=\"var(--pf-icon-color)\" stroke-linecap=\"round\" stroke-linejoin=\"round\" stroke-width=\"var(--pf-icon-stroke-width)\" d=\"M3,9 L21,9 M5,3 L19,3 C20.1045695,3 21,3.8954305 21,5 L21,19 C21,20.1045695 20.1045695,21 19,21 L5,21 C3.8954305,21 3,20.1045695 3,19 L3,5 C3,3.8954305 3.8954305,3 5,3 Z M6,6 L6.1,6 M9,6 L9.1,6 M12,6 L12.1,6 M11,13 L17,13 M11,17 L17,17 M7,13 L7.75,13 M7,17 L7.75,17\"\/><\/svg><\/span><span class=\"d-inline-flex font-weight-bold secondary-font text-heading-default\" >Feladatok<\/span><\/button>\n               <\/div>\n\n               <div id=\"collapsepix-tab-18077d2-a4718a3\" class=\"collapse\" aria-labelledby=\"headingpix-tab-18077d2-a4718a3\">\n                 <div class=\"card-body\"><ul><li>be\u00e9rkez\u0151 \u00e1ruk t\u00e9teles \u00e1tv\u00e9tele, bet\u00e1rol\u00e1sa, mennyis\u00e9gi \u00e9s min\u0151s\u00e9gi ellen\u0151rz\u00e9se<\/li><li>okm\u00e1nyok kezel\u00e9se<\/li><li>fuvarsz\u00e1ll\u00edt\u00f3 j\u00e1rm\u0171vek fel-, lerakod\u00e1sa<\/li><\/ul><\/div>\n               <\/div>\n             <\/div><div class=\"card\">\n               <div class=\"card-header pix-mb-10 shadow-sm rounded-lg bg-custom\" id=\"headingpix-tab-18077d2-18eea64\" style=\"background:#F8F9FA\">\n                   <button class=\"btn btn-link d-flex text-left\" type=\"button\" data-toggle=\"collapse\" data-target=\"#collapsepix-tab-18077d2-18eea64\" aria-expanded=\"true\" aria-controls=\"collapsepix-tab-18077d2-18eea64\"><span class=\"d-inline-flex align-self-center text-primary svg-202 text-20 pix-mr-10\"><svg class=\"pixfort-icon\" width=\"24\" height=\"24\"  data-name=\"Line\/pixfort-icon-medal-1\" viewbox=\"2 2 20 20\"><path fill=\"none\" stroke=\"var(--pf-icon-color)\" stroke-linecap=\"round\" stroke-linejoin=\"round\" stroke-width=\"var(--pf-icon-stroke-width)\" d=\"M12,15 C15.3137085,15 18,12.3137085 18,9 C18,5.6862915 15.3137085,3 12,3 C8.6862915,3 6,5.6862915 6,9 C6,12.3137085 8.6862915,15 12,15 Z M6.99557028,12.358731 L6.99557028,19.2212227 C6.99557028,20.1843032 7.77630132,20.9650342 8.73938186,20.9650342 C9.00202723,20.9650342 9.26127999,20.9057059 9.49778514,20.7914785 L11.1299276,20.0031852 C11.6795833,19.737712 12.3203818,19.7377841 12.8699778,20.0033809 L14.5007777,20.7914785 C15.3672913,21.2102284 16.4092033,20.8472441 16.8279532,19.9807305 C16.9422097,19.744301 17.0015554,19.4851066 17.0015554,19.2225167 L17.0015554,12.358731 L17.0015554,12.358731\"\/><\/svg><\/span><span class=\"d-inline-flex font-weight-bold secondary-font text-heading-default\" >Elv\u00e1r\u00e1sok<\/span><\/button>\n               <\/div>\n\n               <div id=\"collapsepix-tab-18077d2-18eea64\" class=\"collapse\" aria-labelledby=\"headingpix-tab-18077d2-18eea64\">\n                 <div class=\"card-body\"><ul><li>k\u00f6z\u00e9pfok\u00fa v\u00e9gzetts\u00e9g<\/li><li>alapfok\u00fa sz\u00e1m\u00edt\u00f3g\u00e9pes ismeret (Word, Excel)<\/li><\/ul><\/div>\n               <\/div>\n             <\/div><div class=\"card\">\n               <div class=\"card-header pix-mb-10 shadow-sm rounded-lg bg-custom\" id=\"headingpix-tab-18077d2-099a016\" style=\"background:#F8F9FA\">\n                   <button class=\"btn btn-link d-flex text-left\" type=\"button\" data-toggle=\"collapse\" data-target=\"#collapsepix-tab-18077d2-099a016\" aria-expanded=\"true\" aria-controls=\"collapsepix-tab-18077d2-099a016\"><span class=\"d-inline-flex align-self-center text-primary svg-202 text-20 pix-mr-10\"><svg class=\"pixfort-icon\" width=\"24\" height=\"24\"  data-name=\"Line\/pixfort-icon-increase-arrow-1\" viewbox=\"2 2 20 20\"><path fill=\"none\" stroke=\"var(--pf-icon-color)\" stroke-linecap=\"round\" stroke-linejoin=\"round\" stroke-width=\"var(--pf-icon-stroke-width)\" d=\"M3,17 L9,11 L13,15 L20.5252985,7.54251605 M21,11 L21,7 L17,7\"\/><\/svg><\/span><span class=\"d-inline-flex font-weight-bold secondary-font text-heading-default\" >El\u0151nyt jelent<\/span><\/button>\n               <\/div>\n\n               <div id=\"collapsepix-tab-18077d2-099a016\" class=\"collapse\" aria-labelledby=\"headingpix-tab-18077d2-099a016\">\n                 <div class=\"card-body\"><ul><li>hasonl\u00f3 munkak\u00f6rben szerzett tapasztalat<\/li><li>B kateg\u00f3ri\u00e1s jogos\u00edtv\u00e1ny<\/li><\/ul><\/div>\n               <\/div>\n             <\/div><div class=\"card\">\n               <div class=\"card-header pix-mb-10 shadow-sm rounded-lg bg-custom\" id=\"headingpix-tab-18077d2-0a68b83\" style=\"background:#F8F9FA\">\n                   <button class=\"btn btn-link d-flex text-left\" type=\"button\" data-toggle=\"collapse\" data-target=\"#collapsepix-tab-18077d2-0a68b83\" aria-expanded=\"true\" aria-controls=\"collapsepix-tab-18077d2-0a68b83\"><span class=\"d-inline-flex align-self-center text-primary svg-202 text-20 pix-mr-10\"><svg class=\"pixfort-icon\" width=\"24\" height=\"24\"  data-name=\"Line\/pixfort-icon-coins-1\" viewbox=\"2 2 20 20\"><path fill=\"none\" stroke=\"var(--pf-icon-color)\" stroke-linecap=\"round\" stroke-linejoin=\"round\" stroke-width=\"var(--pf-icon-stroke-width)\" d=\"M8.22596561,9.22613104 C6.30868453,9.55995904 5,10.2290362 5,11 C5,12.1045695 7.6862915,13 11,13 C14.3137085,13 17,12.1045695 17,11 C17,10.5441527 16.5424845,10.1239249 15.772167,9.78755442 M5,14 C5,15.1045695 7.6862915,16 11,16 C14.3137085,16 17,15.1045695 17,14 M5,14 L5,11 M17,14 L17,11 M7.15032818,15.5531379 C7.05195536,15.6968163 7,15.8463857 7,16 C7,17.1045695 9.6862915,18 13,18 C16.3137085,18 19,17.1045695 19,16 C19,15.384984 18.1672017,14.8348049 16.856999,14.4679272 M7,19 C7,20.1045695 9.6862915,21 13,21 C16.3137085,21 19,20.1045695 19,19 M7,19 L7,16 M19,19 L19,16 M13,7 C16.3137085,7 19,6.1045695 19,5 C19,3.8954305 16.3137085,3 13,3 C9.6862915,3 7,3.8954305 7,5 C7,6.1045695 9.6862915,7 13,7 Z M7,8 C7,9.1045695 9.6862915,10 13,10 C16.3137085,10 19,9.1045695 19,8 M7,8 L7,5 M19,8 L19,5\"\/><\/svg><\/span><span class=\"d-inline-flex font-weight-bold secondary-font text-heading-default\" >Aj\u00e1nlat<\/span><\/button>\n               <\/div>\n\n               <div id=\"collapsepix-tab-18077d2-0a68b83\" class=\"collapse\" aria-labelledby=\"headingpix-tab-18077d2-0a68b83\">\n                 <div class=\"card-body\"><ul class=\"list-style2\"><li>azonnali kezd\u00e9s<\/li><li>hossz\u00fat\u00e1v\u00fa munkalehet\u0151s\u00e9g<\/li><li>versenyk\u00e9pes j\u00f6vedelem<\/li><\/ul><\/div>\n               <\/div>\n             <\/div><\/div>\t\t\t\t<\/div>\n\t\t\t\t<\/div>\n\t\t\t\t\t<\/div>\n\t\t<\/div>\n\t\t\t\t\t<\/div>\n\t\t<\/section>\n\t\t\t\t<section class=\"elementor-section elementor-top-section elementor-element elementor-element-0836e1e elementor-section-boxed elementor-section-height-default elementor-section-height-default\" data-id=\"0836e1e\" data-element_type=\"section\" data-e-type=\"section\" data-settings=\"{&quot;background_background&quot;:&quot;classic&quot;}\">\n\t\t\t\t\t\t<div class=\"elementor-container elementor-column-gap-default\">\n\t\t\t\t\t<div class=\"elementor-column elementor-col-100 elementor-top-column elementor-element elementor-element-57ee5fc\" data-id=\"57ee5fc\" data-element_type=\"column\" data-e-type=\"column\">\n\t\t\t<div class=\"elementor-widget-wrap\">\n\t\t\t\t\t\t\t<\/div>\n\t\t<\/div>\n\t\t\t\t\t<\/div>\n\t\t<\/section>\n\t\t\t\t<\/div>","protected":false},"excerpt":{"rendered":"<p>Jelenlegi nyitott poz\u00edci\u00f3ink Folyamatosan fejl\u0151d\u0151 v\u00e1llalkoz\u00e1sunk egyre magasabb sz\u00ednvonalon k\u00e9pes eleget tenni a piaci elv\u00e1r\u00e1soknak. Megrendel\u0151ink k\u00f6r\u00e9be tartozik az orsz\u00e1g t\u00f6bb vezet\u0151 v\u00e1llalkoz\u00e1sa is. C\u00e9lunk, hogy a megrendel\u0151i ig\u00e9nyeket magas szint\u0171 ig\u00e9nyess\u00e9ggel el\u00e9g\u00edts\u00fck ki, illetve, hogy az piaci helyzet\u00fcnket tov\u00e1bb&#8230;<\/p>","protected":false},"author":1,"featured_media":13506,"parent":0,"menu_order":0,"comment_status":"closed","ping_status":"closed","template":"","meta":{"footnotes":""},"class_list":["post-4000","page","type-page","status-publish","has-post-thumbnail","hentry"],"_links":{"self":[{"href":"https:\/\/hilk.hu\/de\/wp-json\/wp\/v2\/pages\/4000","targetHints":{"allow":["GET"]}}],"collection":[{"href":"https:\/\/hilk.hu\/de\/wp-json\/wp\/v2\/pages"}],"about":[{"href":"https:\/\/hilk.hu\/de\/wp-json\/wp\/v2\/types\/page"}],"author":[{"embeddable":true,"href":"https:\/\/hilk.hu\/de\/wp-json\/wp\/v2\/users\/1"}],"replies":[{"embeddable":true,"href":"https:\/\/hilk.hu\/de\/wp-json\/wp\/v2\/comments?post=4000"}],"version-history":[{"count":11,"href":"https:\/\/hilk.hu\/de\/wp-json\/wp\/v2\/pages\/4000\/revisions"}],"predecessor-version":[{"id":14051,"href":"https:\/\/hilk.hu\/de\/wp-json\/wp\/v2\/pages\/4000\/revisions\/14051"}],"wp:featuredmedia":[{"embeddable":true,"href":"https:\/\/hilk.hu\/de\/wp-json\/wp\/v2\/media\/13506"}],"wp:attachment":[{"href":"https:\/\/hilk.hu\/de\/wp-json\/wp\/v2\/media?parent=4000"}],"curies":[{"name":"wp","href":"https:\/\/api.w.org\/{rel}","templated":true}]}}