{"id":4302,"date":"2021-04-11T00:50:25","date_gmt":"2021-04-11T00:50:25","guid":{"rendered":"https:\/\/essentials.pixfort.com\/company-elementor\/?page_id=4302"},"modified":"2024-02-13T15:38:55","modified_gmt":"2024-02-13T14:38:55","slug":"kapcsolat","status":"publish","type":"page","link":"https:\/\/hilk.hu\/en\/kapcsolat\/","title":{"rendered":"Kapcsolat"},"content":{"rendered":"<div data-elementor-type=\"wp-page\" data-elementor-id=\"4302\" class=\"elementor elementor-4302\">\n\t\t\t\t\t\t<section class=\"pix-elementor-divider elementor-section elementor-top-section elementor-element elementor-element-2b9c1d2 elementor-section-boxed elementor-section-height-default elementor-section-height-default\" data-id=\"2b9c1d2\" data-element_type=\"section\" data-e-type=\"section\" data-settings=\"{&quot;background_background&quot;:&quot;classic&quot;}\">\n\t\t\t\t\t\t<div class=\"elementor-container elementor-column-gap-default\">\n\t\t\t\t\t<div class=\"elementor-column elementor-col-50 elementor-top-column elementor-element elementor-element-f2dbc68\" data-id=\"f2dbc68\" data-element_type=\"column\" data-e-type=\"column\">\n\t\t\t<div class=\"elementor-widget-wrap elementor-element-populated\">\n\t\t\t\t\t\t<div class=\"elementor-element elementor-element-13532a8 elementor-widget elementor-widget-pix-highlighted-text\" data-id=\"13532a8\" data-element_type=\"widget\" data-e-type=\"widget\" data-widget_type=\"pix-highlighted-text.default\">\n\t\t\t\t<div class=\"elementor-widget-container\">\n\t\t\t\t\t<div id=\"el-13532a8\" class=\"pix-highlighted-element text-left\"><h3 class=\"pix-highlighted-items\" style=\"\" data-anim-type=\"\" data-anim-delay=\"\"><span id=\"el-13532a8-0\" class=\"elementor-repeater-item-d38df35\"><span class=\"pix-highlighted-text pix-highlight-item font-weight-normal  heading-font text-black\">H\u00edr\u00f6s <\/span><\/span><span id=\"el-13532a8-1\" class=\"pix-highlight-bg align-middle2   elementor-repeater-item-b2f5606 el-13532a8-1 animate-in\" data-anim-type=\"highlight-grow\" data-anim-delay=\"200\"><span class=\"pix-highlighted-text  pix-highlight-item font-weight-normal  heading-font text-black\">Logisztikai<\/span><\/span><span id=\"el-13532a8-2\" class=\"elementor-repeater-item-ab8a678\"><span class=\"pix-highlighted-text pix-highlight-item font-weight-normal  heading-font text-black\"> K\u00f6zpont Kft.<\/span><\/span><\/h3><\/div>\t\t\t\t<\/div>\n\t\t\t\t<\/div>\n\t\t\t\t<div class=\"elementor-element elementor-element-12f0414 elementor-widget elementor-widget-pix-text\" data-id=\"12f0414\" data-element_type=\"widget\" data-e-type=\"widget\" data-widget_type=\"pix-text.default\">\n\t\t\t\t<div class=\"elementor-widget-container\">\n\t\t\t\t\t<div class=\"pix-el-text w-100 text-left\" ><p class=\"text-18 resp-option text-black text-left\" >The logistics park in Kecskem\u00e9t offers unique railway services, with no other similar site in the city equipped with an industrial track. The goal is to reinforce the regional logistics sector and to improve warehousing services.<\/p><\/div>\t\t\t\t<\/div>\n\t\t\t\t<\/div>\n\t\t\t\t<div class=\"elementor-element elementor-element-9ae3a2c elementor-widget elementor-widget-toggle\" data-id=\"9ae3a2c\" data-element_type=\"widget\" data-e-type=\"widget\" data-widget_type=\"toggle.default\">\n\t\t\t\t<div class=\"elementor-widget-container\">\n\t\t\t\t\t\t\t<div class=\"elementor-toggle\">\n\t\t\t\t\t\t\t<div class=\"elementor-toggle-item\">\n\t\t\t\t\t<div id=\"elementor-tab-title-1621\" class=\"elementor-tab-title\" data-tab=\"1\" role=\"button\" aria-controls=\"elementor-tab-content-1621\" aria-expanded=\"false\">\n\t\t\t\t\t\t\t\t\t\t\t\t<span class=\"elementor-toggle-icon elementor-toggle-icon-left\" aria-hidden=\"true\">\n\t\t\t\t\t\t\t\t\t\t\t\t\t\t\t<span class=\"elementor-toggle-icon-closed\"><i class=\"fas fa-caret-right\"><\/i><\/span>\n\t\t\t\t\t\t\t\t<span class=\"elementor-toggle-icon-opened\"><i class=\"elementor-toggle-icon-opened fas fa-caret-up\"><\/i><\/span>\n\t\t\t\t\t\t\t\t\t\t\t\t\t<\/span>\n\t\t\t\t\t\t\t\t\t\t\t\t<a class=\"elementor-toggle-title\" tabindex=\"0\">Imprint<\/a>\n\t\t\t\t\t<\/div>\n\n\t\t\t\t\t<div id=\"elementor-tab-content-1621\" class=\"elementor-tab-content elementor-clearfix\" data-tab=\"1\" role=\"region\" aria-labelledby=\"elementor-tab-title-1621\"><ul><li>Company:\u00a0H\u00edr\u00f6s Logisztikai K\u00f6zpont Kft.<\/li><li>Headquarters: <a href=\"https:\/\/www.google.com\/maps\/dir\/\/Kecskem%C3%A9t,+Szent+Istv%C3%A1n+krt.+24,+6000\/@46.902518,19.7171591,17z\/data=!4m8!4m7!1m0!1m5!1m1!1s0x4743da32223736af:0x4a553037f8f00497!2m2!1d19.7171591!2d46.902518?entry=ttu\" target=\"_blank\" rel=\"noopener\">6000 Kecskem\u00e9t, Szent Istv\u00e1n krt. 24.<\/a><\/li><li>Phone: <a href=\"tel: 36305704530\">+36 30 570 4530<\/a>, <a href=\"tel: 36703880712\">+36 70 388 0712<\/a><\/li><li>Email <a href=\"mailto:info@hilk.hu\" rel=\"noopener\">info@hilk.hu<\/a><\/li><li>Internet: <a href=\"https:\/\/hilk.hu\/en\/\" rel=\"noopener\" data-saferedirecturl=\"https:\/\/www.google.com\/url?q=http:\/\/www.robustvill.hu&amp;source=gmail&amp;ust=1705677279856000&amp;usg=AOvVaw20fxlT9qyP2Us8ALZLW6HJ\">hilk.hu<\/a><\/li><li>Tax number: 32377536-2-03<\/li><li>Company registration number: 03-09-137740<\/li><li>Main activity: 5210 Warehousing<\/li><li>Storage: Sybell ( 1158 Budapest, K\u00e9sm\u00e1rk u. 7.\/b. II. em. 206., <a href=\"mailto:info@1marketing.hu\" target=\"_blank\" rel=\"noopener\">info@1marketing.hu<\/a>)<\/li><li>Web: <a href=\"https:\/\/1marketing.hu\" target=\"_blank\" rel=\"noopener\">1MARKETING<\/a> (<a href=\"mailto:info@1marketing.hu\" target=\"_blank\" rel=\"noopener\">info@1marketing.hu<\/a>)<\/li><\/ul><\/div>\n\t\t\t\t<\/div>\n\t\t\t\t\t\t\t\t<\/div>\n\t\t\t\t\t\t<\/div>\n\t\t\t\t<\/div>\n\t\t\t\t\t<\/div>\n\t\t<\/div>\n\t\t\t\t<div class=\"elementor-column elementor-col-50 elementor-top-column elementor-element elementor-element-2b573f3\" data-id=\"2b573f3\" data-element_type=\"column\" data-e-type=\"column\">\n\t\t\t<div class=\"elementor-widget-wrap elementor-element-populated\">\n\t\t\t\t\t\t<div class=\"elementor-element elementor-element-e3daf71 bg-white shadow-sm shadow-hover-sm fly-sm rounded-10  mb-3 elementor-widget elementor-widget-pix-feature\" data-id=\"e3daf71\" data-element_type=\"widget\" data-e-type=\"widget\" data-widget_type=\"pix-feature.default\">\n\t\t\t\t<div class=\"elementor-widget-container\">\n\t\t\t\t\t<a href=\"https:\/\/www.google.com\/maps\/dir\/\/Kecskem%C3%A9t,+Szent+Istv%C3%A1n+krt.+24,+6000\/@46.902518,19.7171591,17z\/data=!4m8!4m7!1m0!1m5!1m1!1s0x4743da32223736af:0x4a553037f8f00497!2m2!1d19.7171591!2d46.902518?entry=ttu\" target=\"_blank\"><div id=\"duo-icon-92499222\" class=\"pix-feature-el media\"><div class=\"mr-3 mw-100 d-flex text-gradient-primary\"   style=\"font-size:40px;width:40px;aspect-ratio:1\/1 !important;position:relative;line-height:40px;text-align:center;\"><svg class=\"pixfort-icon\" width=\"24\" height=\"24\"  data-name=\"Line\/pixfort-icon-map-pin-3\" viewbox=\"2 2 20 20\"><path fill=\"none\" stroke=\"var(--pf-icon-color)\" stroke-linecap=\"round\" stroke-linejoin=\"round\" stroke-width=\"var(--pf-icon-stroke-width)\" d=\"M13.981527,20.4907635 L9.89442719,18.4472136 C9.33137221,18.1656861 8.66862779,18.1656861 8.10557281,18.4472136 L3,21 L3,6 L8.10557281,3.4472136 C8.66862779,3.1656861 9.33137221,3.1656861 9.89442719,3.4472136 L14.1055728,5.5527864 C14.6686278,5.8343139 15.3313722,5.8343139 15.8944272,5.5527864 L21,3 L21,12.25 M9,3.23893658 L9,18 M15,6 L15,12.75 M18.5294118,21.6 C20.1764706,19.6784314 21,18.1686275 21,17.0705882 C21,15.8352941 20.1212913,14.6 18.5294118,14.6 C16.9375322,14.6 16.0588235,15.8352941 16.0588235,17.0705882 C16.0588235,18.1686275 16.8823529,19.6784314 18.5294118,21.6 Z\"\/><\/svg><\/div><div class=\"media-body text-custom\"><h6 class=\"text-black\" style=\"padding-top:8px;\"  >Kecskem\u00e9t, Szent Istv\u00e1n krt. 24.<\/h6><div class=\"text-text-gray    font-weight-bold\" style=\"padding-top:20px;\"  ><\/div><\/div><\/div><\/a>\t\t\t\t<\/div>\n\t\t\t\t<\/div>\n\t\t\t\t<div class=\"elementor-element elementor-element-abf0d3c bg-white shadow-sm shadow-hover-sm fly-sm rounded-10  mb-3 elementor-widget elementor-widget-pix-feature\" data-id=\"abf0d3c\" data-element_type=\"widget\" data-e-type=\"widget\" data-widget_type=\"pix-feature.default\">\n\t\t\t\t<div class=\"elementor-widget-container\">\n\t\t\t\t\t<a href=\"tel: 36305704530\" ><div id=\"duo-icon-75016440\" class=\"pix-feature-el media\"><div class=\"mr-3 mw-100 d-flex text-gradient-primary\"   style=\"font-size:40px;width:40px;aspect-ratio:1\/1 !important;position:relative;line-height:40px;text-align:center;\"><svg class=\"pixfort-icon\" width=\"24\" height=\"24\"  data-name=\"Line\/pixfort-icon-user-circle-phone-2\" viewbox=\"2 2 20 20\"><path fill=\"none\" stroke=\"var(--pf-icon-color)\" stroke-linecap=\"round\" stroke-linejoin=\"round\" stroke-width=\"var(--pf-icon-stroke-width)\" d=\"M20.790264,10.0594646 C19.902917,6.02165295 16.3043309,3 12,3 C7.02943725,3 3,7.02943725 3,12 C3,16.2769935 5.98339299,19.8571783 9.98265408,20.7730294 M5.63686238,18.367264 C7.12663784,16.789088 9.24768372,16 12,16 C12.4809679,16 12.9426583,16.0240969 13.3850712,16.0722907 M12,13 C13.6568542,13 15,11.6568542 15,10 C15,8.34314575 13.6568542,7 12,7 C10.3431458,7 9,8.34314575 9,10 C9,11.6568542 10.3431458,13 12,13 Z M14.0157917,18.7090191 L15.0815155,18.585662 C15.308333,18.559408 15.5365551,18.6214439 15.7188699,18.7589092 L16.5820339,19.4097345 L16.5820339,19.4097345 C17.864417,18.8288212 18.9196631,17.860112 19.5109228,16.4808456 L18.8212447,15.6927599 C18.6559898,15.5039253 18.5782483,15.2540394 18.6072096,15.0047827 L18.7240538,13.999156 C18.7807129,13.5115168 19.2219537,13.1621383 19.7095929,13.2187973 C19.7268435,13.2208017 19.7440315,13.2233111 19.761135,13.2263225 L20.5410141,13.3636326 C20.8098551,13.4109592 21.0016665,13.6506604 20.9889018,13.9233367 C20.9889018,13.9233367 20.9889018,13.9233367 20.9889018,13.9233367 C20.7955524,18.0536155 18.0889925,20.8046002 13.900418,20.9900063 C13.900418,20.9900063 13.900418,20.9900063 13.900418,20.9900063 C13.6414231,21.0014706 13.4149418,20.8170363 13.3737452,20.5610819 L13.2404205,19.7333692 C13.1623514,19.2486967 13.4919685,18.7925044 13.976641,18.7144353 C13.9896495,18.7123399 14.0027029,18.7105341 14.0157917,18.7090191 Z\"\/><\/svg><\/div><div class=\"media-body text-custom\"><h6 class=\"text-black\" style=\"padding-top:8px;\"  >+36 30 570 4530<\/h6><div class=\"text-text-gray    font-weight-bold\" style=\"padding-top:20px;\"  ><\/div><\/div><\/div><\/a>\t\t\t\t<\/div>\n\t\t\t\t<\/div>\n\t\t\t\t<div class=\"elementor-element elementor-element-27db9d0 bg-white shadow-sm shadow-hover-sm fly-sm rounded-10  mb-3 elementor-widget elementor-widget-pix-feature\" data-id=\"27db9d0\" data-element_type=\"widget\" data-e-type=\"widget\" data-widget_type=\"pix-feature.default\">\n\t\t\t\t<div class=\"elementor-widget-container\">\n\t\t\t\t\t<a href=\"tel: 36703880712\" ><div id=\"duo-icon-11187781\" class=\"pix-feature-el media\"><div class=\"mr-3 mw-100 d-flex text-gradient-primary\"   style=\"font-size:40px;width:40px;aspect-ratio:1\/1 !important;position:relative;line-height:40px;text-align:center;\"><svg class=\"pixfort-icon\" width=\"24\" height=\"24\"  data-name=\"Line\/pixfort-icon-user-circle-phone-2\" viewbox=\"2 2 20 20\"><path fill=\"none\" stroke=\"var(--pf-icon-color)\" stroke-linecap=\"round\" stroke-linejoin=\"round\" stroke-width=\"var(--pf-icon-stroke-width)\" d=\"M20.790264,10.0594646 C19.902917,6.02165295 16.3043309,3 12,3 C7.02943725,3 3,7.02943725 3,12 C3,16.2769935 5.98339299,19.8571783 9.98265408,20.7730294 M5.63686238,18.367264 C7.12663784,16.789088 9.24768372,16 12,16 C12.4809679,16 12.9426583,16.0240969 13.3850712,16.0722907 M12,13 C13.6568542,13 15,11.6568542 15,10 C15,8.34314575 13.6568542,7 12,7 C10.3431458,7 9,8.34314575 9,10 C9,11.6568542 10.3431458,13 12,13 Z M14.0157917,18.7090191 L15.0815155,18.585662 C15.308333,18.559408 15.5365551,18.6214439 15.7188699,18.7589092 L16.5820339,19.4097345 L16.5820339,19.4097345 C17.864417,18.8288212 18.9196631,17.860112 19.5109228,16.4808456 L18.8212447,15.6927599 C18.6559898,15.5039253 18.5782483,15.2540394 18.6072096,15.0047827 L18.7240538,13.999156 C18.7807129,13.5115168 19.2219537,13.1621383 19.7095929,13.2187973 C19.7268435,13.2208017 19.7440315,13.2233111 19.761135,13.2263225 L20.5410141,13.3636326 C20.8098551,13.4109592 21.0016665,13.6506604 20.9889018,13.9233367 C20.9889018,13.9233367 20.9889018,13.9233367 20.9889018,13.9233367 C20.7955524,18.0536155 18.0889925,20.8046002 13.900418,20.9900063 C13.900418,20.9900063 13.900418,20.9900063 13.900418,20.9900063 C13.6414231,21.0014706 13.4149418,20.8170363 13.3737452,20.5610819 L13.2404205,19.7333692 C13.1623514,19.2486967 13.4919685,18.7925044 13.976641,18.7144353 C13.9896495,18.7123399 14.0027029,18.7105341 14.0157917,18.7090191 Z\"\/><\/svg><\/div><div class=\"media-body text-custom\"><h6 class=\"text-black\" style=\"padding-top:8px;\"  >+36 70 388 0712<\/h6><div class=\"text-text-gray    font-weight-bold\" style=\"padding-top:20px;\"  ><\/div><\/div><\/div><\/a>\t\t\t\t<\/div>\n\t\t\t\t<\/div>\n\t\t\t\t<div class=\"elementor-element elementor-element-a806d56 bg-white shadow-sm shadow-hover-sm fly-sm rounded-10  mb-3 elementor-widget elementor-widget-pix-feature\" data-id=\"a806d56\" data-element_type=\"widget\" data-e-type=\"widget\" data-widget_type=\"pix-feature.default\">\n\t\t\t\t<div class=\"elementor-widget-container\">\n\t\t\t\t\t<a href=\"mailto:info@hilk.hu\" ><div id=\"duo-icon-159231571\" class=\"pix-feature-el media\"><div class=\"mr-3 mw-100 d-flex text-gradient-primary\"   style=\"font-size:40px;width:40px;aspect-ratio:1\/1 !important;position:relative;line-height:40px;text-align:center;\"><svg class=\"pixfort-icon\" width=\"24\" height=\"24\"  data-name=\"Line\/pixfort-icon-mail-closed-1\" viewbox=\"2 2 20 20\"><path fill=\"none\" stroke=\"var(--pf-icon-color)\" stroke-linecap=\"round\" stroke-linejoin=\"round\" stroke-width=\"var(--pf-icon-stroke-width)\" d=\"M5,5 L19,5 C20.1045695,5 21,5.8954305 21,7 L21,17 C21,18.1045695 20.1045695,19 19,19 L5,19 C3.8954305,19 3,18.1045695 3,17 L3,7 C3,5.8954305 3.8954305,5 5,5 Z M3.30149167,5.98779765 L10.7448982,11.9882141 C11.4774541,12.5787556 12.5225812,12.5787994 13.2551866,11.9883193 L20.7,5.98779765 L20.7,5.98779765\"\/><\/svg><\/div><div class=\"media-body text-custom\"><h6 class=\"text-black\" style=\"padding-top:8px;\"  >info@hilk.hu<\/h6><div class=\"text-text-gray    font-weight-bold\" style=\"padding-top:20px;\"  ><\/div><\/div><\/div><\/a>\t\t\t\t<\/div>\n\t\t\t\t<\/div>\n\t\t\t\t\t<\/div>\n\t\t<\/div>\n\t\t\t\t\t<\/div>\n\t\t<\/section>\n\t\t<div class=\"pix-divider  position-relative pix-bottom-divider elementor-element elementor-element-2b9c1d2\" data-style=\"style-8\" ><svg xmlns=\"http:\/\/www.w3.org\/2000\/svg\" width=\"100%\" height=\"300px\" viewbox=\"0 0 1200 366\" preserveaspectratio=\"none\"><g class=\"animate-in\" data-anim-type=\"fade-in-up\" data-anim-delay=\"300\"><polygon fill=\"url(#divider-pix-accordion-298238-bottom-overlay-layer-3)\" points=\"0 240 1200 0 1200 366 0 366\" \/><\/g><polygon fill=\"#FFFFFF00\"  points=\"0 300 1200 60 1200 366 0 366\" \/><polygon fill=\"#ffffff\" points=\"0 360 1200 120 1200 366 0 366\"\/><defs><lineargradient id=\"divider-pix-accordion-298238-bottom-overlay-layer-3\" x1=\"0%\" y1=\"0%\" x2=\"100%\" y2=\"0%\"><stop offset=\"0%\"   stop-color=\"#00000014\"\/><stop offset=\"100%\"   stop-color=\"#FFFFFF03\"\/><\/lineargradient><\/defs><\/svg><\/div>\t\t<section class=\"elementor-section elementor-top-section elementor-element elementor-element-31cfcf2 elementor-section-boxed elementor-section-height-default elementor-section-height-default\" data-id=\"31cfcf2\" data-element_type=\"section\" data-e-type=\"section\" data-settings=\"{&quot;background_background&quot;:&quot;classic&quot;}\">\n\t\t\t\t\t\t<div class=\"elementor-container elementor-column-gap-default\">\n\t\t\t\t\t<div class=\"elementor-column elementor-col-50 elementor-top-column elementor-element elementor-element-863ec05\" data-id=\"863ec05\" data-element_type=\"column\" data-e-type=\"column\" data-settings=\"{&quot;background_background&quot;:&quot;classic&quot;}\">\n\t\t\t<div class=\"elementor-widget-wrap elementor-element-populated\">\n\t\t\t\t\t\t<div class=\"elementor-element elementor-element-963fca8 elementor-widget elementor-widget-menu-anchor\" data-id=\"963fca8\" data-element_type=\"widget\" data-e-type=\"widget\" data-widget_type=\"menu-anchor.default\">\n\t\t\t\t<div class=\"elementor-widget-container\">\n\t\t\t\t\t\t\t<div class=\"elementor-menu-anchor\" id=\"ajanlatkeres\"><\/div>\n\t\t\t\t\t\t<\/div>\n\t\t\t\t<\/div>\n\t\t\t\t<div class=\"elementor-element elementor-element-fc365d9 elementor-widget elementor-widget-pix-heading\" data-id=\"fc365d9\" data-element_type=\"widget\" data-e-type=\"widget\" data-widget_type=\"pix-heading.default\">\n\t\t\t\t<div class=\"elementor-widget-container\">\n\t\t\t\t\t<div  class=\"pix-heading-el text-left\"><h4 class=\"text-heading-default font-weight-bold h4 heading-text el-title_custom_color mb-12\" style=\"\" data-anim-type=\"\" data-anim-delay=\"\">Send us a message!<\/h4><\/div>\t\t\t\t<\/div>\n\t\t\t\t<\/div>\n\t\t\t\t<div class=\"elementor-element elementor-element-e21eb6d elementor-widget elementor-widget-pix-text\" data-id=\"e21eb6d\" data-element_type=\"widget\" data-e-type=\"widget\" data-widget_type=\"pix-text.default\">\n\t\t\t\t<div class=\"elementor-widget-container\">\n\t\t\t\t\t<div class=\"pix-el-text w-100 text-left\" ><div class=\"d-inline-block\" style=\"max-width:600px;\"><p class=\"text-18 resp-option text-body-default text-left\" >Request our introductory material or offer<\/p><\/div><\/div>\t\t\t\t<\/div>\n\t\t\t\t<\/div>\n\t\t\t\t<div class=\"elementor-element elementor-element-52eb23d elementor-widget elementor-widget-text-editor\" data-id=\"52eb23d\" data-element_type=\"widget\" data-e-type=\"widget\" data-widget_type=\"text-editor.default\">\n\t\t\t\t<div class=\"elementor-widget-container\">\n\t\t\t\t\t\t\t\t\t<p>\n<div class=\"wpcf7 no-js\" id=\"wpcf7-f13657-o1\" lang=\"hu-HU\" dir=\"ltr\" data-wpcf7-id=\"13657\">\n<div class=\"screen-reader-response\"><p role=\"status\" aria-live=\"polite\" aria-atomic=\"true\"><\/p> <ul><\/ul><\/div>\n<form action=\"\/en\/wp-json\/wp\/v2\/pages\/4302#wpcf7-f13657-o1\" method=\"post\" class=\"wpcf7-form init\" aria-label=\"Kapcsolatfelv\u00e9teli \u0171rlap\" novalidate=\"novalidate\" data-status=\"init\" data-trp-original-action=\"\/en\/wp-json\/wp\/v2\/pages\/4302#wpcf7-f13657-o1\">\n<fieldset class=\"hidden-fields-container\"><input type=\"hidden\" name=\"_wpcf7\" value=\"13657\" \/><input type=\"hidden\" name=\"_wpcf7_version\" value=\"6.1.5\" \/><input type=\"hidden\" name=\"_wpcf7_locale\" value=\"hu_HU\" \/><input type=\"hidden\" name=\"_wpcf7_unit_tag\" value=\"wpcf7-f13657-o1\" \/><input type=\"hidden\" name=\"_wpcf7_container_post\" value=\"0\" \/><input type=\"hidden\" name=\"_wpcf7_posted_data_hash\" value=\"\" \/><input type=\"hidden\" name=\"_wpcf7_recaptcha_response\" value=\"\" \/>\n<\/fieldset>\n<div class=\"pix-contact7-form\"><div class=\"row\">\n\t<div class=\"col-lg-6\">\n\t\t<p><label class=\"w-100\">Name<br \/>\n<span class=\"wpcf7-form-control-wrap\" data-name=\"your-name\"><input size=\"40\" maxlength=\"400\" class=\"wpcf7-form-control wpcf7-text wpcf7-validates-as-required pix-my-5 shadow-0 bg-gray-1 form-control\" aria-required=\"true\" aria-invalid=\"false\" placeholder=\"Enter your name\" value=\"\" type=\"text\" name=\"your-name\" \/><\/span><\/label>\n\t\t<\/p>\n\t<\/div>\n\t<div class=\"col-lg-6\">\n\t\t<p><label class=\"w-100\">Email*<br \/>\n<span class=\"wpcf7-form-control-wrap\" data-name=\"your-email\"><input size=\"40\" maxlength=\"400\" class=\"wpcf7-form-control wpcf7-email wpcf7-validates-as-required wpcf7-text wpcf7-validates-as-email pix-my-5 shadow-0 bg-gray-1 form-control\" aria-required=\"true\" aria-invalid=\"false\" placeholder=\"Enter your email address\" value=\"\" type=\"email\" name=\"your-email\" \/><\/span><\/label>\n\t\t<\/p>\n\t<\/div>\n\t<div class=\"col-12\">\n\t\t<p><label class=\"w-100\">Subject<br \/>\n<span class=\"wpcf7-form-control-wrap\" data-name=\"your-subject\"><input size=\"40\" maxlength=\"400\" class=\"wpcf7-form-control wpcf7-text pix-my-5 shadow-0 bg-gray-1 form-control\" aria-invalid=\"false\" placeholder=\"What are you interested in?\" value=\"\" type=\"text\" name=\"your-subject\" \/><\/span><\/label>\n\t\t<\/p>\n\t<\/div>\n\t<div class=\"col-12\">\n\t\t<p><label class=\"w-100\">Message<span class=\"wpcf7-form-control-wrap\" data-name=\"your-message\"><textarea cols=\"40\" rows=\"4\" maxlength=\"2000\" class=\"wpcf7-form-control wpcf7-textarea wpcf7-validates-as-required pix-my-5 shadow-0 bg-gray-1 form-control\" aria-required=\"true\" aria-invalid=\"false\" placeholder=\"Write your message!\" name=\"your-message\"><\/textarea><\/span><\/label>\n\t\t<\/p>\n\t<\/div>\n<\/div>\n<p><input class=\"wpcf7-form-control wpcf7-submit has-spinner btn btn-primary text-white w-100 pix-mt-10 font-weight-bold btn-lg shadow-hover\" type=\"submit\" value=\"Send\" \/>\n<\/p><\/div><div class=\"wpcf7-response-output\" aria-hidden=\"true\"><\/div>\n<input type=\"hidden\" name=\"trp-form-language\" value=\"en\"\/><\/form>\n<\/div>\n<\/p>\t\t\t\t\t\t\t\t<\/div>\n\t\t\t\t<\/div>\n\t\t\t\t\t<\/div>\n\t\t<\/div>\n\t\t\t\t<div class=\"elementor-column elementor-col-50 elementor-top-column elementor-element elementor-element-cefad4f\" data-id=\"cefad4f\" data-element_type=\"column\" data-e-type=\"column\">\n\t\t\t<div class=\"elementor-widget-wrap elementor-element-populated\">\n\t\t\t\t\t\t<div class=\"elementor-element elementor-element-15c9f4b elementor-widget elementor-widget-google_maps\" data-id=\"15c9f4b\" data-element_type=\"widget\" data-e-type=\"widget\" data-widget_type=\"google_maps.default\">\n\t\t\t\t<div class=\"elementor-widget-container\">\n\t\t\t\t\t\t\t<div class=\"elementor-custom-embed\">\n\t\t\t<iframe loading=\"lazy\"\n\t\t\t\t\tsrc=\"https:\/\/maps.google.com\/maps?q=Kecskem%C3%A9t%2C%20Szent%20Istv%C3%A1n%20krt.%2024.&#038;t=m&#038;z=14&#038;output=embed&#038;iwloc=near\"\n\t\t\t\t\ttitle=\"Kecskem\u00e9t, Szent Istv\u00e1n krt. 24.\"\n\t\t\t\t\taria-label=\"Kecskem\u00e9t, Szent Istv\u00e1n krt. 24.\"\n\t\t\t><\/iframe>\n\t\t<\/div>\n\t\t\t\t\t\t<\/div>\n\t\t\t\t<\/div>\n\t\t\t\t\t<\/div>\n\t\t<\/div>\n\t\t\t\t\t<\/div>\n\t\t<\/section>\n\t\t\t\t<\/div>","protected":false},"excerpt":{"rendered":"<p>H\u00edr\u00f6s Logisztikai K\u00f6zpont Kft. A logisztikai park Kecskem\u00e9t v\u00e1ros\u00e1ban egyed\u00fcl\u00e1ll\u00f3 vas\u00fati szolg\u00e1ltat\u00e1sokat k\u00edn\u00e1l, nincs m\u00e1s hasonl\u00f3 iparv\u00e1g\u00e1nnyal ell\u00e1tott telephely a v\u00e1rosban. A c\u00e9l a t\u00e9rs\u00e9gi logisztikai \u00e1gazatban val\u00f3 er\u0151s\u00edt\u00e9s \u00e9s a rakt\u00e1roz\u00e1si kiszolg\u00e1l\u00e1s fejleszt\u00e9se. Impresszum C\u00e9gn\u00e9v:\u00a0 H\u00edr\u00f6s Logisztikai K\u00f6zpont Kft&#8230;.<\/p>","protected":false},"author":1,"featured_media":13515,"parent":0,"menu_order":0,"comment_status":"closed","ping_status":"closed","template":"","meta":{"footnotes":""},"class_list":["post-4302","page","type-page","status-publish","has-post-thumbnail","hentry"],"_links":{"self":[{"href":"https:\/\/hilk.hu\/en\/wp-json\/wp\/v2\/pages\/4302","targetHints":{"allow":["GET"]}}],"collection":[{"href":"https:\/\/hilk.hu\/en\/wp-json\/wp\/v2\/pages"}],"about":[{"href":"https:\/\/hilk.hu\/en\/wp-json\/wp\/v2\/types\/page"}],"author":[{"embeddable":true,"href":"https:\/\/hilk.hu\/en\/wp-json\/wp\/v2\/users\/1"}],"replies":[{"embeddable":true,"href":"https:\/\/hilk.hu\/en\/wp-json\/wp\/v2\/comments?post=4302"}],"version-history":[{"count":47,"href":"https:\/\/hilk.hu\/en\/wp-json\/wp\/v2\/pages\/4302\/revisions"}],"predecessor-version":[{"id":14061,"href":"https:\/\/hilk.hu\/en\/wp-json\/wp\/v2\/pages\/4302\/revisions\/14061"}],"wp:featuredmedia":[{"embeddable":true,"href":"https:\/\/hilk.hu\/en\/wp-json\/wp\/v2\/media\/13515"}],"wp:attachment":[{"href":"https:\/\/hilk.hu\/en\/wp-json\/wp\/v2\/media?parent=4302"}],"curies":[{"name":"wp","href":"https:\/\/api.w.org\/{rel}","templated":true}]}}